{"id":367,"date":"2024-02-13T13:10:33","date_gmt":"2024-02-13T13:10:33","guid":{"rendered":"https:\/\/pcconsultores-segurosyfianzas.com\/?page_id=367"},"modified":"2024-02-13T23:03:56","modified_gmt":"2024-02-13T23:03:56","slug":"organizacion","status":"publish","type":"page","link":"https:\/\/pcconsultores-segurosyfianzas.com\/index.php\/organizacion\/","title":{"rendered":"PC Consultores &#8211; Seguros y Fianzas-Organizaci\u00f3n"},"content":{"rendered":"\n<div class=\"section-wrapper\" data-id=\"osZpaM\"><section class=\"wp-block-gutenverse-section guten-element guten-section guten-osZpaM layout-boxed align-stretch\"><div class=\"guten-background-overlay\"><\/div><div class=\"guten-shape-divider guten-shape-divider-top\"><\/div><div class=\"guten-shape-divider guten-shape-divider-bottom\"><\/div><div class=\"guten-container guten-column-gap-default\">\n<div class=\"wp-block-gutenverse-column guten-element guten-column guten-4AI1SP\"><div class=\"guten-background-overlay\"><\/div><div class=\"sticky-wrapper\" data-id=\"4AI1SP\"><div class=\"guten-column-wrapper\">\n<div class=\"guten-element gutenverse-text-editor guten-qGpIq9\"><div class=\"text-content-inner\">\n<hr class=\"wp-block-separator has-alpha-channel-opacity\"\/>\n<\/div><\/div>\n<\/div><\/div><\/div>\n<\/div><\/section><\/div>\n\n\n\n<div class=\"section-wrapper\" data-id=\"xyL49i\"><section class=\"wp-block-gutenverse-section guten-element guten-section guten-xyL49i layout-boxed align-stretch\"><div class=\"guten-background-overlay\"><\/div><div class=\"guten-shape-divider guten-shape-divider-top\"><\/div><div class=\"guten-shape-divider guten-shape-divider-bottom\"><\/div><div class=\"guten-container guten-column-gap-default\">\n<div class=\"wp-block-gutenverse-column guten-element guten-column guten-zof273\"><div class=\"guten-background-overlay\"><\/div><div class=\"sticky-wrapper\" data-id=\"zof273\"><div class=\"guten-column-wrapper\">\n<hr class=\"wp-block-separator has-alpha-channel-opacity\"\/>\n\n\n\n<figure class=\"wp-block-image size-large\"><img loading=\"lazy\" decoding=\"async\" width=\"773\" height=\"1024\" src=\"https:\/\/pcconsultores-segurosyfianzas.com\/wp-content\/uploads\/2024\/02\/american-beard-business-business-people-businessman-caucasian-1454767-pxhere.com_-773x1024.webp\" alt=\"\" class=\"wp-image-356\" srcset=\"https:\/\/pcconsultores-segurosyfianzas.com\/wp-content\/uploads\/2024\/02\/american-beard-business-business-people-businessman-caucasian-1454767-pxhere.com_-773x1024.webp 773w, https:\/\/pcconsultores-segurosyfianzas.com\/wp-content\/uploads\/2024\/02\/american-beard-business-business-people-businessman-caucasian-1454767-pxhere.com_-226x300.webp 226w, https:\/\/pcconsultores-segurosyfianzas.com\/wp-content\/uploads\/2024\/02\/american-beard-business-business-people-businessman-caucasian-1454767-pxhere.com_-768x1018.webp 768w, https:\/\/pcconsultores-segurosyfianzas.com\/wp-content\/uploads\/2024\/02\/american-beard-business-business-people-businessman-caucasian-1454767-pxhere.com_-50x66.webp 50w, https:\/\/pcconsultores-segurosyfianzas.com\/wp-content\/uploads\/2024\/02\/american-beard-business-business-people-businessman-caucasian-1454767-pxhere.com_-1159x1536.webp 1159w, https:\/\/pcconsultores-segurosyfianzas.com\/wp-content\/uploads\/2024\/02\/american-beard-business-business-people-businessman-caucasian-1454767-pxhere.com_.webp 1449w\" sizes=\"(max-width: 773px) 100vw, 773px\" \/><\/figure>\n<\/div><\/div><\/div>\n\n\n\n<div class=\"wp-block-gutenverse-column guten-element guten-column guten-iw8vqg\"><div class=\"guten-background-overlay\"><\/div><div class=\"sticky-wrapper\" data-id=\"iw8vqg\"><div class=\"guten-column-wrapper\">\n<h2 class=\"wp-block-heading has-x-large-font-size\">Visi\u00f3n<\/h2>\n\n\n\n<div class=\"guten-element gutenverse-text-editor guten-culNii\"><div class=\"text-content-inner\">\n<p class=\"has-small-font-size\">Crecer con los l\u00edderes de seguros en el mercado, form\u00e1ndonos y capacit\u00e1ndonos, para ofrecer a nuestros clientes, satisfacci\u00f3n y empat\u00eda, aplicando sin distinci\u00f3n el trato cordial y amable, con dise\u00f1o de productos y servicios alineados a sus requerimientos, tanto en lo individual como para sus empresas. Construyendo en equipo el futuro que desean en relaci\u00f3n a su protecci\u00f3n financiera, en salud, educaci\u00f3n, vida y patrimonio.<\/p>\n<\/div><\/div>\n<\/div><\/div><\/div>\n<\/div><\/section><\/div>\n\n\n\n<div class=\"section-wrapper\" data-id=\"qvBMqk\"><section class=\"wp-block-gutenverse-section guten-element guten-section guten-qvBMqk layout-boxed align-stretch\"><div class=\"guten-background-overlay\"><\/div><div class=\"guten-shape-divider guten-shape-divider-top\"><\/div><div class=\"guten-shape-divider guten-shape-divider-bottom\"><\/div><div class=\"guten-container guten-column-gap-default\">\n<div class=\"wp-block-gutenverse-column guten-element guten-column guten-5PPPUi\"><div class=\"guten-background-overlay\"><\/div><div class=\"sticky-wrapper\" data-id=\"5PPPUi\"><div class=\"guten-column-wrapper\">\n<h2 class=\"wp-block-heading\">Misi\u00f3n<\/h2>\n\n\n\n<div class=\"guten-element gutenverse-text-editor guten-mqxSSG\"><div class=\"text-content-inner\">\n<p>Brindar asesor\u00eda a nuestros clientes en todo lo relacionado con sus seguros de una manera eficiente para proteger su patrimonio personal y profesional.<\/p>\n<\/div><\/div>\n<\/div><\/div><\/div>\n\n\n\n<div class=\"wp-block-gutenverse-column guten-element guten-column guten-KFf1eW\"><div class=\"guten-background-overlay\"><\/div><div class=\"sticky-wrapper\" data-id=\"KFf1eW\"><div class=\"guten-column-wrapper\">\n<figure class=\"wp-block-image size-large\"><img loading=\"lazy\" decoding=\"async\" width=\"1024\" height=\"683\" src=\"https:\/\/pcconsultores-segurosyfianzas.com\/wp-content\/uploads\/2024\/02\/StockSnap_V8SXASKPBO-1024x683.webp\" alt=\"\" class=\"wp-image-43\" srcset=\"https:\/\/pcconsultores-segurosyfianzas.com\/wp-content\/uploads\/2024\/02\/StockSnap_V8SXASKPBO-1024x683.webp 1024w, https:\/\/pcconsultores-segurosyfianzas.com\/wp-content\/uploads\/2024\/02\/StockSnap_V8SXASKPBO-300x200.webp 300w, https:\/\/pcconsultores-segurosyfianzas.com\/wp-content\/uploads\/2024\/02\/StockSnap_V8SXASKPBO-768x512.webp 768w, https:\/\/pcconsultores-segurosyfianzas.com\/wp-content\/uploads\/2024\/02\/StockSnap_V8SXASKPBO-1536x1024.webp 1536w, https:\/\/pcconsultores-segurosyfianzas.com\/wp-content\/uploads\/2024\/02\/StockSnap_V8SXASKPBO.webp 1920w\" sizes=\"(max-width: 1024px) 100vw, 1024px\" \/><\/figure>\n<\/div><\/div><\/div>\n<\/div><\/section><\/div>\n\n\n\n<hr class=\"wp-block-separator has-alpha-channel-opacity\"\/>\n\n\n\n<div class=\"section-wrapper\" data-id=\"h2ApoC\"><section class=\"wp-block-gutenverse-section guten-element guten-section guten-h2ApoC layout-boxed align-stretch\"><div class=\"guten-background-overlay\"><\/div><div class=\"guten-shape-divider guten-shape-divider-top\"><\/div><div class=\"guten-shape-divider guten-shape-divider-bottom\"><\/div><div class=\"guten-container guten-column-gap-default\">\n<div class=\"wp-block-gutenverse-column guten-element guten-column guten-Fc5wtu\"><div class=\"guten-background-overlay\"><\/div><div class=\"sticky-wrapper\" data-id=\"Fc5wtu\"><div class=\"guten-column-wrapper\">\n<figure class=\"wp-block-image size-large\"><img loading=\"lazy\" decoding=\"async\" width=\"1024\" height=\"606\" src=\"https:\/\/pcconsultores-segurosyfianzas.com\/wp-content\/uploads\/2024\/02\/valores-1024x606.png\" alt=\"\" class=\"wp-image-359\" srcset=\"https:\/\/pcconsultores-segurosyfianzas.com\/wp-content\/uploads\/2024\/02\/valores-1024x606.png 1024w, https:\/\/pcconsultores-segurosyfianzas.com\/wp-content\/uploads\/2024\/02\/valores-300x178.png 300w, https:\/\/pcconsultores-segurosyfianzas.com\/wp-content\/uploads\/2024\/02\/valores-768x455.png 768w, https:\/\/pcconsultores-segurosyfianzas.com\/wp-content\/uploads\/2024\/02\/valores-50x30.png 50w, https:\/\/pcconsultores-segurosyfianzas.com\/wp-content\/uploads\/2024\/02\/valores-1600x947.png 1600w, https:\/\/pcconsultores-segurosyfianzas.com\/wp-content\/uploads\/2024\/02\/valores-1536x909.png 1536w, https:\/\/pcconsultores-segurosyfianzas.com\/wp-content\/uploads\/2024\/02\/valores.png 1720w\" sizes=\"(max-width: 1024px) 100vw, 1024px\" \/><\/figure>\n<\/div><\/div><\/div>\n\n\n\n<div class=\"wp-block-gutenverse-column guten-element guten-column guten-4JT6vg\"><div class=\"guten-background-overlay\"><\/div><div class=\"sticky-wrapper\" data-id=\"4JT6vg\"><div class=\"guten-column-wrapper\">\n<h2 class=\"wp-block-heading\">Valores<\/h2>\n\n\n\n<ul>\n<li>Honestidad<\/li>\n\n\n\n<li>Trabajo en equipo<\/li>\n\n\n\n<li>Responsabilidad<\/li>\n\n\n\n<li>Profesionalismo<\/li>\n<\/ul>\n<\/div><\/div><\/div>\n<\/div><\/section><\/div>\n","protected":false},"excerpt":{"rendered":"","protected":false},"author":1,"featured_media":0,"parent":0,"menu_order":0,"comment_status":"closed","ping_status":"closed","template":"valores","meta":{"om_disable_all_campaigns":false,"_monsterinsights_skip_tracking":false,"_monsterinsights_sitenote_active":false,"_monsterinsights_sitenote_note":"","_monsterinsights_sitenote_category":0,"footnotes":""},"aioseo_notices":[],"_links":{"self":[{"href":"https:\/\/pcconsultores-segurosyfianzas.com\/index.php\/wp-json\/wp\/v2\/pages\/367"}],"collection":[{"href":"https:\/\/pcconsultores-segurosyfianzas.com\/index.php\/wp-json\/wp\/v2\/pages"}],"about":[{"href":"https:\/\/pcconsultores-segurosyfianzas.com\/index.php\/wp-json\/wp\/v2\/types\/page"}],"author":[{"embeddable":true,"href":"https:\/\/pcconsultores-segurosyfianzas.com\/index.php\/wp-json\/wp\/v2\/users\/1"}],"replies":[{"embeddable":true,"href":"https:\/\/pcconsultores-segurosyfianzas.com\/index.php\/wp-json\/wp\/v2\/comments?post=367"}],"version-history":[{"count":9,"href":"https:\/\/pcconsultores-segurosyfianzas.com\/index.php\/wp-json\/wp\/v2\/pages\/367\/revisions"}],"predecessor-version":[{"id":391,"href":"https:\/\/pcconsultores-segurosyfianzas.com\/index.php\/wp-json\/wp\/v2\/pages\/367\/revisions\/391"}],"wp:attachment":[{"href":"https:\/\/pcconsultores-segurosyfianzas.com\/index.php\/wp-json\/wp\/v2\/media?parent=367"}],"curies":[{"name":"wp","href":"https:\/\/api.w.org\/{rel}","templated":true}]}}